{"id":6,"date":"2020-03-26T23:18:25","date_gmt":"2020-03-26T22:18:25","guid":{"rendered":"http:\/\/feuerwehr-lorenzen.at\/wordpress\/?page_id=6"},"modified":"2024-05-24T07:18:20","modified_gmt":"2024-05-24T05:18:20","slug":"the-new-umoma-opens-its-doors-2","status":"publish","type":"page","link":"http:\/\/feuerwehr-lorenzen.at\/wordpress\/","title":{"rendered":"Herzlich Willkommen"},"content":{"rendered":"\n<h2 class=\"wp-block-heading\">Herzlich Willkommen auf der Homepage der Feuerwehr St. Lorenzen im M\u00fcrztal!<\/h2>\n\n\n\n<p>Wir freuen uns, Sie auf unserer Webseite begr\u00fc\u00dfen zu d\u00fcrfen. Hier finden Sie alle wichtigen Informationen rund um unsere Eins\u00e4tze, Veranstaltungen und die engagierte Arbeit unserer Feuerwehrkameraden.<\/p>\n\n\n\n<p>Unsere Feuerwehr steht seit vielen Jahren im Dienst der Gemeinschaft und ist stets bereit, im Notfall schnelle und kompetente Hilfe zu leisten. Erfahren Sie mehr \u00fcber unsere Geschichte, unsere Ausr\u00fcstung und unsere Ausbildung. Bleiben Sie informiert \u00fcber aktuelle Ereignisse und kommende Termine.<\/p>\n\n\n\n<p>Ob als interessierter B\u00fcrger, zuk\u00fcnftiges Mitglied oder einfach als Freund der Feuerwehr \u2013 wir laden Sie ein, unsere Seite zu erkunden und mehr \u00fcber unsere wichtige Arbeit zu erfahren.<\/p>\n\n\n\n<p>Ihre Feuerwehr St. Lorenzen im M\u00fcrztal \u2013 365 Tage im Jahr f\u00fcr Sie im Einsatz!<\/p>\n\n\n\n<figure class=\"wp-block-gallery alignwide has-nested-images columns-default is-cropped wp-block-gallery-1 is-layout-flex wp-block-gallery-is-layout-flex\">\n<figure class=\"wp-block-image size-large\"><img fetchpriority=\"high\" decoding=\"async\" width=\"1024\" height=\"576\" data-id=\"127\" src=\"http:\/\/feuerwehr-lorenzen.at\/wordpress\/wp-content\/uploads\/2024\/05\/IMG-20240506-WA0015-1024x576.jpeg\" alt=\"\" class=\"wp-image-127\" srcset=\"http:\/\/feuerwehr-lorenzen.at\/wordpress\/wp-content\/uploads\/2024\/05\/IMG-20240506-WA0015-1024x576.jpeg 1024w, http:\/\/feuerwehr-lorenzen.at\/wordpress\/wp-content\/uploads\/2024\/05\/IMG-20240506-WA0015-300x169.jpeg 300w, http:\/\/feuerwehr-lorenzen.at\/wordpress\/wp-content\/uploads\/2024\/05\/IMG-20240506-WA0015-768x432.jpeg 768w, http:\/\/feuerwehr-lorenzen.at\/wordpress\/wp-content\/uploads\/2024\/05\/IMG-20240506-WA0015-1536x864.jpeg 1536w, http:\/\/feuerwehr-lorenzen.at\/wordpress\/wp-content\/uploads\/2024\/05\/IMG-20240506-WA0015-2048x1152.jpeg 2048w, http:\/\/feuerwehr-lorenzen.at\/wordpress\/wp-content\/uploads\/2024\/05\/IMG-20240506-WA0015-800x450.jpeg 800w, http:\/\/feuerwehr-lorenzen.at\/wordpress\/wp-content\/uploads\/2024\/05\/IMG-20240506-WA0015-scaled.jpeg 1920w\" sizes=\"(max-width: 1024px) 100vw, 1024px\" \/><\/figure>\n\n\n\n<figure class=\"wp-block-image size-large\"><img decoding=\"async\" width=\"768\" height=\"1024\" data-id=\"38\" src=\"http:\/\/feuerwehr-lorenzen.at\/wordpress\/wp-content\/uploads\/2020\/03\/82815036_2847010898652735_8474682159678881792_o-3-768x1024.jpg\" alt=\"\" class=\"wp-image-38\" srcset=\"http:\/\/feuerwehr-lorenzen.at\/wordpress\/wp-content\/uploads\/2020\/03\/82815036_2847010898652735_8474682159678881792_o-3-768x1024.jpg 768w, http:\/\/feuerwehr-lorenzen.at\/wordpress\/wp-content\/uploads\/2020\/03\/82815036_2847010898652735_8474682159678881792_o-3-225x300.jpg 225w, http:\/\/feuerwehr-lorenzen.at\/wordpress\/wp-content\/uploads\/2020\/03\/82815036_2847010898652735_8474682159678881792_o-3-1152x1536.jpg 1152w, http:\/\/feuerwehr-lorenzen.at\/wordpress\/wp-content\/uploads\/2020\/03\/82815036_2847010898652735_8474682159678881792_o-3.jpg 1200w\" sizes=\"(max-width: 768px) 100vw, 768px\" \/><\/figure>\n\n\n\n<figure class=\"wp-block-image size-full\"><img decoding=\"async\" width=\"974\" height=\"974\" data-id=\"11\" src=\"http:\/\/feuerwehr-lorenzen.at\/wordpress\/wp-content\/uploads\/2020\/03\/82126594_2834402216580270_2124677045240725504_o-1.jpg\" alt=\"\" class=\"wp-image-11\" srcset=\"http:\/\/feuerwehr-lorenzen.at\/wordpress\/wp-content\/uploads\/2020\/03\/82126594_2834402216580270_2124677045240725504_o-1.jpg 974w, http:\/\/feuerwehr-lorenzen.at\/wordpress\/wp-content\/uploads\/2020\/03\/82126594_2834402216580270_2124677045240725504_o-1-300x300.jpg 300w, http:\/\/feuerwehr-lorenzen.at\/wordpress\/wp-content\/uploads\/2020\/03\/82126594_2834402216580270_2124677045240725504_o-1-150x150.jpg 150w, http:\/\/feuerwehr-lorenzen.at\/wordpress\/wp-content\/uploads\/2020\/03\/82126594_2834402216580270_2124677045240725504_o-1-768x768.jpg 768w\" sizes=\"(max-width: 974px) 100vw, 974px\" \/><\/figure>\n<figcaption class=\"blocks-gallery-caption wp-element-caption\">Galerie<\/figcaption><\/figure>\n\n\n\n<p><\/p>\n","protected":false},"excerpt":{"rendered":"<p>Herzlich Willkommen auf der Homepage der Feuerwehr St. Lorenzen im M\u00fcrztal! Wir freuen uns, Sie auf unserer Webseite begr\u00fc\u00dfen zu d\u00fcrfen. Hier finden Sie alle wichtigen Informationen rund um unsere Eins\u00e4tze, Veranstaltungen und die engagierte Arbeit unserer Feuerwehrkameraden. Unsere Feuerwehr steht seit vielen Jahren im Dienst der Gemeinschaft und ist stets bereit, im Notfall schnelle und kompetente Hilfe zu leisten. Erfahren Sie mehr \u00fcber unsere Geschichte, unsere Ausr\u00fcstung und unsere Ausbildung. Bleiben Sie informiert \u00fcber aktuelle Ereignisse und kommende Termine. Ob als interessierter B\u00fcrger, zuk\u00fcnftiges Mitglied oder einfach als<\/p>\n<p><a class=\"more-link\" href=\"http:\/\/feuerwehr-lorenzen.at\/wordpress\/\">Read More<\/a><\/p>\n","protected":false},"author":1,"featured_media":0,"parent":0,"menu_order":0,"comment_status":"closed","ping_status":"closed","template":"","meta":{"footnotes":""},"class_list":["post-6","page","type-page","status-publish","hentry"],"yoast_head":"<!-- This site is optimized with the Yoast SEO plugin v27.5 - https:\/\/yoast.com\/product\/yoast-seo-wordpress\/ -->\n<title>Herzlich Willkommen - Freiwillige Feuerwehr St. Lorenzen im M\u00fcrztal<\/title>\n<meta name=\"description\" content=\"Freiwillige Feuerwehr St. Lorenzen im M\u00fcrztal\" \/>\n<meta name=\"robots\" content=\"index, follow, max-snippet:-1, max-image-preview:large, max-video-preview:-1\" \/>\n<link rel=\"canonical\" href=\"http:\/\/feuerwehr-lorenzen.at\/wordpress\/\" \/>\n<meta property=\"og:locale\" content=\"de_DE\" \/>\n<meta property=\"og:type\" content=\"article\" \/>\n<meta property=\"og:title\" content=\"Herzlich Willkommen - Freiwillige Feuerwehr St. Lorenzen im M\u00fcrztal\" \/>\n<meta property=\"og:description\" content=\"Freiwillige Feuerwehr St. Lorenzen im M\u00fcrztal\" \/>\n<meta property=\"og:url\" content=\"http:\/\/feuerwehr-lorenzen.at\/wordpress\/\" \/>\n<meta property=\"og:site_name\" content=\"Freiwillige Feuerwehr St. Lorenzen im M\u00fcrztal\" \/>\n<meta property=\"article:publisher\" content=\"https:\/\/facebook.com\/p\/Freiwillige-Feuerwehr-StLorenzen-im-Mrztal-100064421150098\/\" \/>\n<meta property=\"article:modified_time\" content=\"2024-05-24T05:18:20+00:00\" \/>\n<meta property=\"og:image\" content=\"http:\/\/feuerwehr-lorenzen.at\/wordpress\/wp-content\/uploads\/2024\/05\/IMG-20240506-WA0015-1024x576.jpeg\" \/>\n<meta name=\"twitter:card\" content=\"summary_large_image\" \/>\n<meta name=\"twitter:label1\" content=\"Gesch\u00e4tzte Lesezeit\" \/>\n\t<meta name=\"twitter:data1\" content=\"2 Minuten\" \/>\n<script type=\"application\/ld+json\" class=\"yoast-schema-graph\">{\"@context\":\"https:\\\/\\\/schema.org\",\"@graph\":[{\"@type\":\"WebPage\",\"@id\":\"http:\\\/\\\/feuerwehr-lorenzen.at\\\/wordpress\\\/\",\"url\":\"http:\\\/\\\/feuerwehr-lorenzen.at\\\/wordpress\\\/\",\"name\":\"Herzlich Willkommen - Freiwillige Feuerwehr St. Lorenzen im M\u00fcrztal\",\"isPartOf\":{\"@id\":\"http:\\\/\\\/feuerwehr-lorenzen.at\\\/wordpress\\\/#website\"},\"primaryImageOfPage\":{\"@id\":\"http:\\\/\\\/feuerwehr-lorenzen.at\\\/wordpress\\\/#primaryimage\"},\"image\":{\"@id\":\"http:\\\/\\\/feuerwehr-lorenzen.at\\\/wordpress\\\/#primaryimage\"},\"thumbnailUrl\":\"http:\\\/\\\/feuerwehr-lorenzen.at\\\/wordpress\\\/wp-content\\\/uploads\\\/2024\\\/05\\\/IMG-20240506-WA0015-1024x576.jpeg\",\"datePublished\":\"2020-03-26T22:18:25+00:00\",\"dateModified\":\"2024-05-24T05:18:20+00:00\",\"description\":\"Freiwillige Feuerwehr St. Lorenzen im M\u00fcrztal\",\"breadcrumb\":{\"@id\":\"http:\\\/\\\/feuerwehr-lorenzen.at\\\/wordpress\\\/#breadcrumb\"},\"inLanguage\":\"de-AT\",\"potentialAction\":[{\"@type\":\"ReadAction\",\"target\":[\"http:\\\/\\\/feuerwehr-lorenzen.at\\\/wordpress\\\/\"]}]},{\"@type\":\"ImageObject\",\"inLanguage\":\"de-AT\",\"@id\":\"http:\\\/\\\/feuerwehr-lorenzen.at\\\/wordpress\\\/#primaryimage\",\"url\":\"http:\\\/\\\/feuerwehr-lorenzen.at\\\/wordpress\\\/wp-content\\\/uploads\\\/2024\\\/05\\\/IMG-20240506-WA0015-scaled.jpeg\",\"contentUrl\":\"http:\\\/\\\/feuerwehr-lorenzen.at\\\/wordpress\\\/wp-content\\\/uploads\\\/2024\\\/05\\\/IMG-20240506-WA0015-scaled.jpeg\",\"width\":1920,\"height\":1080,\"caption\":\"Fenster\u00f6ffnung\"},{\"@type\":\"BreadcrumbList\",\"@id\":\"http:\\\/\\\/feuerwehr-lorenzen.at\\\/wordpress\\\/#breadcrumb\",\"itemListElement\":[{\"@type\":\"ListItem\",\"position\":1,\"name\":\"Startseite\",\"item\":\"http:\\\/\\\/feuerwehr-lorenzen.at\\\/wordpress\\\/\"},{\"@type\":\"ListItem\",\"position\":2,\"name\":\"Herzlich Willkommen\"}]},{\"@type\":\"WebSite\",\"@id\":\"http:\\\/\\\/feuerwehr-lorenzen.at\\\/wordpress\\\/#website\",\"url\":\"http:\\\/\\\/feuerwehr-lorenzen.at\\\/wordpress\\\/\",\"name\":\"Freiwillige Feuerwehr St. Lorenzen im M\u00fcrztal\",\"description\":\"\",\"potentialAction\":[{\"@type\":\"SearchAction\",\"target\":{\"@type\":\"EntryPoint\",\"urlTemplate\":\"http:\\\/\\\/feuerwehr-lorenzen.at\\\/wordpress\\\/?s={search_term_string}\"},\"query-input\":{\"@type\":\"PropertyValueSpecification\",\"valueRequired\":true,\"valueName\":\"search_term_string\"}}],\"inLanguage\":\"de-AT\"}]}<\/script>\n<!-- \/ Yoast SEO plugin. -->","yoast_head_json":{"title":"Herzlich Willkommen - Freiwillige Feuerwehr St. Lorenzen im M\u00fcrztal","description":"Freiwillige Feuerwehr St. Lorenzen im M\u00fcrztal","robots":{"index":"index","follow":"follow","max-snippet":"max-snippet:-1","max-image-preview":"max-image-preview:large","max-video-preview":"max-video-preview:-1"},"canonical":"http:\/\/feuerwehr-lorenzen.at\/wordpress\/","og_locale":"de_DE","og_type":"article","og_title":"Herzlich Willkommen - Freiwillige Feuerwehr St. Lorenzen im M\u00fcrztal","og_description":"Freiwillige Feuerwehr St. Lorenzen im M\u00fcrztal","og_url":"http:\/\/feuerwehr-lorenzen.at\/wordpress\/","og_site_name":"Freiwillige Feuerwehr St. Lorenzen im M\u00fcrztal","article_publisher":"https:\/\/facebook.com\/p\/Freiwillige-Feuerwehr-StLorenzen-im-Mrztal-100064421150098\/","article_modified_time":"2024-05-24T05:18:20+00:00","og_image":[{"url":"http:\/\/feuerwehr-lorenzen.at\/wordpress\/wp-content\/uploads\/2024\/05\/IMG-20240506-WA0015-1024x576.jpeg","type":"","width":"","height":""}],"twitter_card":"summary_large_image","twitter_misc":{"Gesch\u00e4tzte Lesezeit":"2 Minuten"},"schema":{"@context":"https:\/\/schema.org","@graph":[{"@type":"WebPage","@id":"http:\/\/feuerwehr-lorenzen.at\/wordpress\/","url":"http:\/\/feuerwehr-lorenzen.at\/wordpress\/","name":"Herzlich Willkommen - Freiwillige Feuerwehr St. Lorenzen im M\u00fcrztal","isPartOf":{"@id":"http:\/\/feuerwehr-lorenzen.at\/wordpress\/#website"},"primaryImageOfPage":{"@id":"http:\/\/feuerwehr-lorenzen.at\/wordpress\/#primaryimage"},"image":{"@id":"http:\/\/feuerwehr-lorenzen.at\/wordpress\/#primaryimage"},"thumbnailUrl":"http:\/\/feuerwehr-lorenzen.at\/wordpress\/wp-content\/uploads\/2024\/05\/IMG-20240506-WA0015-1024x576.jpeg","datePublished":"2020-03-26T22:18:25+00:00","dateModified":"2024-05-24T05:18:20+00:00","description":"Freiwillige Feuerwehr St. Lorenzen im M\u00fcrztal","breadcrumb":{"@id":"http:\/\/feuerwehr-lorenzen.at\/wordpress\/#breadcrumb"},"inLanguage":"de-AT","potentialAction":[{"@type":"ReadAction","target":["http:\/\/feuerwehr-lorenzen.at\/wordpress\/"]}]},{"@type":"ImageObject","inLanguage":"de-AT","@id":"http:\/\/feuerwehr-lorenzen.at\/wordpress\/#primaryimage","url":"http:\/\/feuerwehr-lorenzen.at\/wordpress\/wp-content\/uploads\/2024\/05\/IMG-20240506-WA0015-scaled.jpeg","contentUrl":"http:\/\/feuerwehr-lorenzen.at\/wordpress\/wp-content\/uploads\/2024\/05\/IMG-20240506-WA0015-scaled.jpeg","width":1920,"height":1080,"caption":"Fenster\u00f6ffnung"},{"@type":"BreadcrumbList","@id":"http:\/\/feuerwehr-lorenzen.at\/wordpress\/#breadcrumb","itemListElement":[{"@type":"ListItem","position":1,"name":"Startseite","item":"http:\/\/feuerwehr-lorenzen.at\/wordpress\/"},{"@type":"ListItem","position":2,"name":"Herzlich Willkommen"}]},{"@type":"WebSite","@id":"http:\/\/feuerwehr-lorenzen.at\/wordpress\/#website","url":"http:\/\/feuerwehr-lorenzen.at\/wordpress\/","name":"Freiwillige Feuerwehr St. Lorenzen im M\u00fcrztal","description":"","potentialAction":[{"@type":"SearchAction","target":{"@type":"EntryPoint","urlTemplate":"http:\/\/feuerwehr-lorenzen.at\/wordpress\/?s={search_term_string}"},"query-input":{"@type":"PropertyValueSpecification","valueRequired":true,"valueName":"search_term_string"}}],"inLanguage":"de-AT"}]}},"_links":{"self":[{"href":"http:\/\/feuerwehr-lorenzen.at\/wordpress\/wp-json\/wp\/v2\/pages\/6","targetHints":{"allow":["GET"]}}],"collection":[{"href":"http:\/\/feuerwehr-lorenzen.at\/wordpress\/wp-json\/wp\/v2\/pages"}],"about":[{"href":"http:\/\/feuerwehr-lorenzen.at\/wordpress\/wp-json\/wp\/v2\/types\/page"}],"author":[{"embeddable":true,"href":"http:\/\/feuerwehr-lorenzen.at\/wordpress\/wp-json\/wp\/v2\/users\/1"}],"replies":[{"embeddable":true,"href":"http:\/\/feuerwehr-lorenzen.at\/wordpress\/wp-json\/wp\/v2\/comments?post=6"}],"version-history":[{"count":7,"href":"http:\/\/feuerwehr-lorenzen.at\/wordpress\/wp-json\/wp\/v2\/pages\/6\/revisions"}],"predecessor-version":[{"id":617,"href":"http:\/\/feuerwehr-lorenzen.at\/wordpress\/wp-json\/wp\/v2\/pages\/6\/revisions\/617"}],"wp:attachment":[{"href":"http:\/\/feuerwehr-lorenzen.at\/wordpress\/wp-json\/wp\/v2\/media?parent=6"}],"curies":[{"name":"wp","href":"https:\/\/api.w.org\/{rel}","templated":true}]}}